{"id":4766,"date":"2024-06-13T20:09:05","date_gmt":"2024-06-13T18:09:05","guid":{"rendered":"https:\/\/shutterbug-journeys.com\/informativa-sulla-privacy\/"},"modified":"2024-06-16T15:26:53","modified_gmt":"2024-06-16T13:26:53","slug":"informativa-sulla-privacy","status":"publish","type":"page","link":"https:\/\/shutterbug-journeys.com\/it\/informativa-sulla-privacy\/","title":{"rendered":"Informativa sulla privacy"},"content":{"rendered":"<h2 class=\"wp-block-heading\">Chi siamo<\/h2><p><strong class=\"privacy-policy-tutorial\">Testo suggerito: <\/strong>L&#8217;indirizzo del nostro sito web \u00e8: https:\/\/shutterbug-journeys.com.<\/p><h2 class=\"wp-block-heading\">Commenti<\/h2><p><strong class=\"privacy-policy-tutorial\">Suggerimento di testo: <\/strong>quando i visitatori scrivono commenti sul sito web, raccogliamo i dati visualizzati nel modulo di commento, l&#8217;indirizzo IP del visitatore e la stringa dell&#8217;agente utente (che identifica il browser) per aiutare a riconoscere lo spam.<\/p><p>Una stringa di caratteri anonimizzata (nota anche come hash) pu\u00f2 essere creata a partire dal tuo indirizzo e-mail e passata al servizio Gravatar per verificare se lo stai utilizzando. Puoi trovare l&#8217;informativa sulla privacy del servizio Gravatar qui: https:\/\/automattic.com\/privacy\/. Dopo l&#8217;approvazione del tuo commento, la tua immagine del profilo sar\u00e0 visibile pubblicamente nel contesto del tuo commento.<\/p><h2 class=\"wp-block-heading\">Media<\/h2><p><strong class=\"privacy-policy-tutorial\">Testo suggerito: <\/strong>Se sei un utente registrato e carichi foto su questo sito, dovresti evitare di caricare foto con una posizione EXIF GPS. I visitatori di questo sito web possono scaricare le foto memorizzate su questo sito ed estrarre le informazioni sulla loro posizione.<\/p><h2 class=\"wp-block-heading\">Biscotti<\/h2><p><strong class=\"privacy-policy-tutorial\">Suggerimento: <\/strong>se scrivi un commento sul nostro sito web, questo pu\u00f2 essere un consenso a salvare il tuo nome, indirizzo e-mail e sito web nei cookie. Si tratta di una funzione comoda per evitare che tu debba inserire nuovamente tutti questi dati quando scrivi un altro commento. Questi cookie vengono conservati per un anno.<\/p><p>Se hai un account e accedi a questo sito web, imposteremo un cookie temporaneo per determinare se il tuo browser accetta i cookie. Questo cookie non contiene dati personali e viene eliminato alla chiusura del browser.<\/p><p>Quando effettui l&#8217;accesso, installeremo alcuni cookie per salvare le tue informazioni di accesso e le opzioni di visualizzazione. I cookie di accesso scadono dopo due giorni e i cookie per le opzioni di visualizzazione dopo un anno. Se al momento della registrazione selezioni &#8220;Resta connesso&#8221;, la tua registrazione sar\u00e0 mantenuta per quindici giorni. Quando esci dal tuo account, i cookie di accesso vengono cancellati.<\/p><p>Quando modifichi o pubblichi un articolo, un ulteriore cookie viene memorizzato nel tuo browser. Questo cookie non contiene dati personali e si riferisce solo all&#8217;ID del post dell&#8217;articolo che hai appena modificato. Il cookie scade dopo un giorno.<\/p><h2 class=\"wp-block-heading\">Contenuti incorporati da altri siti web<\/h2><p><strong class=\"privacy-policy-tutorial\">Suggerimento: <\/strong>i post di questo sito web possono contenere contenuti incorporati (ad esempio video, immagini, articoli, ecc.). I contenuti incorporati di altri siti web si comportano esattamente come se il visitatore avesse visitato l&#8217;altro sito web.<\/p><p>Questi siti web possono raccogliere dati su di te, utilizzare cookie, incorporare servizi di tracciamento di terze parti e registrare la tua interazione con questi contenuti incorporati, compresa la tua interazione con i contenuti incorporati se hai un account e sei connesso a questo sito web.<\/p><h2 class=\"wp-block-heading\">Con chi condividiamo i tuoi dati<\/h2><p><strong class=\"privacy-policy-tutorial\">Testo suggerito: <\/strong>Se richiedi la reimpostazione della password, il tuo indirizzo IP sar\u00e0 incluso nell&#8217;e-mail di reimpostazione.<\/p><h2 class=\"wp-block-heading\">Per quanto tempo conserviamo i tuoi dati<\/h2><p><strong class=\"privacy-policy-tutorial\">Suggerimento: <\/strong>se scrivi un commento, questo verr\u00e0 salvato a tempo indeterminato, compresi i metadati. In questo modo possiamo riconoscere e approvare automaticamente i commenti successivi invece di tenerli in coda di moderazione.<\/p><p>Per gli utenti che si registrano sul nostro sito web, memorizziamo anche le informazioni personali che forniscono nei loro profili utente. Tutti gli utenti possono visualizzare, modificare o cancellare le proprie informazioni personali in qualsiasi momento (il nome utente non pu\u00f2 essere modificato). Anche gli amministratori del sito web possono visualizzare e modificare queste informazioni.<\/p><h2 class=\"wp-block-heading\">Quali diritti hai sui tuoi dati<\/h2><p><strong class=\"privacy-policy-tutorial\">Testo suggerito: <\/strong>Se hai un account su questo sito web o hai scritto dei commenti, puoi richiedere l&#8217;esportazione dei tuoi dati personali da noi, compresi i dati che ci hai fornito. Inoltre, puoi richiedere la cancellazione di tutti i dati personali che abbiamo memorizzato su di te. Questo non include i dati che siamo tenuti a conservare per motivi amministrativi, legali o di sicurezza.<\/p><h2 class=\"wp-block-heading\">Dove vengono inviati i tuoi dati<\/h2><p><strong class=\"privacy-policy-tutorial\">Suggerimento di testo: <\/strong>i commenti dei visitatori potrebbero essere analizzati da un servizio automatico di rilevamento dello spam.<\/p>","protected":false},"excerpt":{"rendered":"<p>Chi siamo Testo suggerito: L&#8217;indirizzo del nostro sito web \u00e8:  [&#8230;]<\/p>\n","protected":false},"author":1,"featured_media":0,"parent":0,"menu_order":0,"comment_status":"closed","ping_status":"closed","template":"","meta":{"footnotes":""},"class_list":["post-4766","page","type-page","status-publish","hentry"],"yoast_head":"<!-- This site is optimized with the Yoast SEO plugin v27.4 - https:\/\/yoast.com\/product\/yoast-seo-wordpress\/ -->\n<title>Informativa sulla privacy | Shutterbug Journeys | Foto-Touren durch Europas sch\u00f6nste St\u00e4dte<\/title>\n<meta name=\"robots\" content=\"index, follow, max-snippet:-1, max-image-preview:large, max-video-preview:-1\" \/>\n<link rel=\"canonical\" href=\"https:\/\/shutterbug-journeys.com\/it\/informativa-sulla-privacy\/\" \/>\n<meta property=\"og:locale\" content=\"it_IT\" \/>\n<meta property=\"og:type\" content=\"article\" \/>\n<meta property=\"og:title\" content=\"Informativa sulla privacy | Shutterbug Journeys | Foto-Touren durch Europas sch\u00f6nste St\u00e4dte\" \/>\n<meta property=\"og:description\" content=\"Chi siamo Testo suggerito: L&#8217;indirizzo del nostro sito web \u00e8: [...]\" \/>\n<meta property=\"og:url\" content=\"https:\/\/shutterbug-journeys.com\/it\/informativa-sulla-privacy\/\" \/>\n<meta property=\"og:site_name\" content=\"Shutterbug Journeys | Foto-Touren durch Europas sch\u00f6nste St\u00e4dte\" \/>\n<meta property=\"article:modified_time\" content=\"2024-06-16T13:26:53+00:00\" \/>\n<meta property=\"og:image\" content=\"https:\/\/shutterbug-journeys.com\/wp-content\/uploads\/2024\/06\/discover.png\" \/>\n\t<meta property=\"og:image:width\" content=\"1200\" \/>\n\t<meta property=\"og:image:height\" content=\"675\" \/>\n\t<meta property=\"og:image:type\" content=\"image\/png\" \/>\n<meta name=\"twitter:card\" content=\"summary_large_image\" \/>\n<meta name=\"twitter:label1\" content=\"Tempo di lettura stimato\" \/>\n\t<meta name=\"twitter:data1\" content=\"3 minuti\" \/>\n<script type=\"application\/ld+json\" class=\"yoast-schema-graph\">{\"@context\":\"https:\\\/\\\/schema.org\",\"@graph\":[{\"@type\":\"WebPage\",\"@id\":\"https:\\\/\\\/shutterbug-journeys.com\\\/it\\\/informativa-sulla-privacy\\\/\",\"url\":\"https:\\\/\\\/shutterbug-journeys.com\\\/it\\\/informativa-sulla-privacy\\\/\",\"name\":\"Informativa sulla privacy | Shutterbug Journeys | Foto-Touren durch Europas sch\u00f6nste St\u00e4dte\",\"isPartOf\":{\"@id\":\"https:\\\/\\\/shutterbug-journeys.com\\\/#website\"},\"datePublished\":\"2024-06-13T18:09:05+00:00\",\"dateModified\":\"2024-06-16T13:26:53+00:00\",\"breadcrumb\":{\"@id\":\"https:\\\/\\\/shutterbug-journeys.com\\\/it\\\/informativa-sulla-privacy\\\/#breadcrumb\"},\"inLanguage\":\"it-IT\",\"potentialAction\":[{\"@type\":\"ReadAction\",\"target\":[\"https:\\\/\\\/shutterbug-journeys.com\\\/it\\\/informativa-sulla-privacy\\\/\"]}]},{\"@type\":\"BreadcrumbList\",\"@id\":\"https:\\\/\\\/shutterbug-journeys.com\\\/it\\\/informativa-sulla-privacy\\\/#breadcrumb\",\"itemListElement\":[{\"@type\":\"ListItem\",\"position\":1,\"name\":\"Startseite\",\"item\":\"https:\\\/\\\/shutterbug-journeys.com\\\/it\\\/shutterbug-journeys-tour-fotografici-guidati-in-germania\\\/\"},{\"@type\":\"ListItem\",\"position\":2,\"name\":\"Informativa sulla privacy\"}]},{\"@type\":\"WebSite\",\"@id\":\"https:\\\/\\\/shutterbug-journeys.com\\\/#website\",\"url\":\"https:\\\/\\\/shutterbug-journeys.com\\\/\",\"name\":\"Shutterbug Journeys | Foto-Touren durch Europas sch\u00f6nste St\u00e4dte\",\"description\":\"\",\"publisher\":{\"@id\":\"https:\\\/\\\/shutterbug-journeys.com\\\/#organization\"},\"alternateName\":\"Shutterbug Journeys\",\"potentialAction\":[{\"@type\":\"SearchAction\",\"target\":{\"@type\":\"EntryPoint\",\"urlTemplate\":\"https:\\\/\\\/shutterbug-journeys.com\\\/?s={search_term_string}\"},\"query-input\":{\"@type\":\"PropertyValueSpecification\",\"valueRequired\":true,\"valueName\":\"search_term_string\"}}],\"inLanguage\":\"it-IT\"},{\"@type\":\"Organization\",\"@id\":\"https:\\\/\\\/shutterbug-journeys.com\\\/#organization\",\"name\":\"Shutterbug Journeys\",\"url\":\"https:\\\/\\\/shutterbug-journeys.com\\\/\",\"logo\":{\"@type\":\"ImageObject\",\"inLanguage\":\"it-IT\",\"@id\":\"https:\\\/\\\/shutterbug-journeys.com\\\/#\\\/schema\\\/logo\\\/image\\\/\",\"url\":\"https:\\\/\\\/shutterbug-journeys.com\\\/wp-content\\\/uploads\\\/2024\\\/06\\\/Zeichenflaeche-1dunkel.png\",\"contentUrl\":\"https:\\\/\\\/shutterbug-journeys.com\\\/wp-content\\\/uploads\\\/2024\\\/06\\\/Zeichenflaeche-1dunkel.png\",\"width\":548,\"height\":140,\"caption\":\"Shutterbug Journeys\"},\"image\":{\"@id\":\"https:\\\/\\\/shutterbug-journeys.com\\\/#\\\/schema\\\/logo\\\/image\\\/\"}}]}<\/script>\n<!-- \/ Yoast SEO plugin. -->","yoast_head_json":{"title":"Informativa sulla privacy | Shutterbug Journeys | Foto-Touren durch Europas sch\u00f6nste St\u00e4dte","robots":{"index":"index","follow":"follow","max-snippet":"max-snippet:-1","max-image-preview":"max-image-preview:large","max-video-preview":"max-video-preview:-1"},"canonical":"https:\/\/shutterbug-journeys.com\/it\/informativa-sulla-privacy\/","og_locale":"it_IT","og_type":"article","og_title":"Informativa sulla privacy | Shutterbug Journeys | Foto-Touren durch Europas sch\u00f6nste St\u00e4dte","og_description":"Chi siamo Testo suggerito: L&#8217;indirizzo del nostro sito web \u00e8: [...]","og_url":"https:\/\/shutterbug-journeys.com\/it\/informativa-sulla-privacy\/","og_site_name":"Shutterbug Journeys | Foto-Touren durch Europas sch\u00f6nste St\u00e4dte","article_modified_time":"2024-06-16T13:26:53+00:00","og_image":[{"width":1200,"height":675,"url":"https:\/\/shutterbug-journeys.com\/wp-content\/uploads\/2024\/06\/discover.png","type":"image\/png"}],"twitter_card":"summary_large_image","twitter_misc":{"Tempo di lettura stimato":"3 minuti"},"schema":{"@context":"https:\/\/schema.org","@graph":[{"@type":"WebPage","@id":"https:\/\/shutterbug-journeys.com\/it\/informativa-sulla-privacy\/","url":"https:\/\/shutterbug-journeys.com\/it\/informativa-sulla-privacy\/","name":"Informativa sulla privacy | Shutterbug Journeys | Foto-Touren durch Europas sch\u00f6nste St\u00e4dte","isPartOf":{"@id":"https:\/\/shutterbug-journeys.com\/#website"},"datePublished":"2024-06-13T18:09:05+00:00","dateModified":"2024-06-16T13:26:53+00:00","breadcrumb":{"@id":"https:\/\/shutterbug-journeys.com\/it\/informativa-sulla-privacy\/#breadcrumb"},"inLanguage":"it-IT","potentialAction":[{"@type":"ReadAction","target":["https:\/\/shutterbug-journeys.com\/it\/informativa-sulla-privacy\/"]}]},{"@type":"BreadcrumbList","@id":"https:\/\/shutterbug-journeys.com\/it\/informativa-sulla-privacy\/#breadcrumb","itemListElement":[{"@type":"ListItem","position":1,"name":"Startseite","item":"https:\/\/shutterbug-journeys.com\/it\/shutterbug-journeys-tour-fotografici-guidati-in-germania\/"},{"@type":"ListItem","position":2,"name":"Informativa sulla privacy"}]},{"@type":"WebSite","@id":"https:\/\/shutterbug-journeys.com\/#website","url":"https:\/\/shutterbug-journeys.com\/","name":"Shutterbug Journeys | Foto-Touren durch Europas sch\u00f6nste St\u00e4dte","description":"","publisher":{"@id":"https:\/\/shutterbug-journeys.com\/#organization"},"alternateName":"Shutterbug Journeys","potentialAction":[{"@type":"SearchAction","target":{"@type":"EntryPoint","urlTemplate":"https:\/\/shutterbug-journeys.com\/?s={search_term_string}"},"query-input":{"@type":"PropertyValueSpecification","valueRequired":true,"valueName":"search_term_string"}}],"inLanguage":"it-IT"},{"@type":"Organization","@id":"https:\/\/shutterbug-journeys.com\/#organization","name":"Shutterbug Journeys","url":"https:\/\/shutterbug-journeys.com\/","logo":{"@type":"ImageObject","inLanguage":"it-IT","@id":"https:\/\/shutterbug-journeys.com\/#\/schema\/logo\/image\/","url":"https:\/\/shutterbug-journeys.com\/wp-content\/uploads\/2024\/06\/Zeichenflaeche-1dunkel.png","contentUrl":"https:\/\/shutterbug-journeys.com\/wp-content\/uploads\/2024\/06\/Zeichenflaeche-1dunkel.png","width":548,"height":140,"caption":"Shutterbug Journeys"},"image":{"@id":"https:\/\/shutterbug-journeys.com\/#\/schema\/logo\/image\/"}}]}},"_links":{"self":[{"href":"https:\/\/shutterbug-journeys.com\/it\/wp-json\/wp\/v2\/pages\/4766","targetHints":{"allow":["GET"]}}],"collection":[{"href":"https:\/\/shutterbug-journeys.com\/it\/wp-json\/wp\/v2\/pages"}],"about":[{"href":"https:\/\/shutterbug-journeys.com\/it\/wp-json\/wp\/v2\/types\/page"}],"author":[{"embeddable":true,"href":"https:\/\/shutterbug-journeys.com\/it\/wp-json\/wp\/v2\/users\/1"}],"replies":[{"embeddable":true,"href":"https:\/\/shutterbug-journeys.com\/it\/wp-json\/wp\/v2\/comments?post=4766"}],"version-history":[{"count":1,"href":"https:\/\/shutterbug-journeys.com\/it\/wp-json\/wp\/v2\/pages\/4766\/revisions"}],"predecessor-version":[{"id":4769,"href":"https:\/\/shutterbug-journeys.com\/it\/wp-json\/wp\/v2\/pages\/4766\/revisions\/4769"}],"wp:attachment":[{"href":"https:\/\/shutterbug-journeys.com\/it\/wp-json\/wp\/v2\/media?parent=4766"}],"curies":[{"name":"wp","href":"https:\/\/api.w.org\/{rel}","templated":true}]}}