{"id":3787,"date":"2024-06-15T10:10:47","date_gmt":"2024-06-15T08:10:47","guid":{"rendered":"https:\/\/shutterbug-journeys.com\/conditions-generales-de-vente\/"},"modified":"2024-06-15T10:10:47","modified_gmt":"2024-06-15T08:10:47","slug":"conditions-generales-de-vente","status":"publish","type":"page","link":"https:\/\/shutterbug-journeys.com\/fr\/conditions-generales-de-vente\/","title":{"rendered":"CONDITIONS G\u00c9N\u00c9RALES DE VENTE"},"content":{"rendered":"","protected":false},"excerpt":{"rendered":"","protected":false},"author":1,"featured_media":0,"parent":0,"menu_order":0,"comment_status":"closed","ping_status":"closed","template":"100-width.php","meta":{"footnotes":""},"class_list":["post-3787","page","type-page","status-publish","hentry"],"yoast_head":"<!-- This site is optimized with the Yoast SEO plugin v27.4 - https:\/\/yoast.com\/product\/yoast-seo-wordpress\/ -->\n<title>CONDITIONS G\u00c9N\u00c9RALES DE VENTE | Shutterbug Journeys | Foto-Touren durch Europas sch\u00f6nste St\u00e4dte<\/title>\n<meta name=\"robots\" content=\"index, follow, max-snippet:-1, max-image-preview:large, max-video-preview:-1\" \/>\n<link rel=\"canonical\" href=\"https:\/\/shutterbug-journeys.com\/fr\/conditions-generales-de-vente\/\" \/>\n<meta property=\"og:locale\" content=\"fr_FR\" \/>\n<meta property=\"og:type\" content=\"article\" \/>\n<meta property=\"og:title\" content=\"CONDITIONS G\u00c9N\u00c9RALES DE VENTE | Shutterbug Journeys | Foto-Touren durch Europas sch\u00f6nste St\u00e4dte\" \/>\n<meta property=\"og:url\" content=\"https:\/\/shutterbug-journeys.com\/fr\/conditions-generales-de-vente\/\" \/>\n<meta property=\"og:site_name\" content=\"Shutterbug Journeys | Foto-Touren durch Europas sch\u00f6nste St\u00e4dte\" \/>\n<meta property=\"og:image\" content=\"https:\/\/shutterbug-journeys.com\/wp-content\/uploads\/2024\/06\/discover.png\" \/>\n\t<meta property=\"og:image:width\" content=\"1200\" \/>\n\t<meta property=\"og:image:height\" content=\"675\" \/>\n\t<meta property=\"og:image:type\" content=\"image\/png\" \/>\n<meta name=\"twitter:card\" content=\"summary_large_image\" \/>\n<script type=\"application\/ld+json\" class=\"yoast-schema-graph\">{\"@context\":\"https:\\\/\\\/schema.org\",\"@graph\":[{\"@type\":\"WebPage\",\"@id\":\"https:\\\/\\\/shutterbug-journeys.com\\\/fr\\\/conditions-generales-de-vente\\\/\",\"url\":\"https:\\\/\\\/shutterbug-journeys.com\\\/fr\\\/conditions-generales-de-vente\\\/\",\"name\":\"CONDITIONS G\u00c9N\u00c9RALES DE VENTE | Shutterbug Journeys | Foto-Touren durch Europas sch\u00f6nste St\u00e4dte\",\"isPartOf\":{\"@id\":\"https:\\\/\\\/shutterbug-journeys.com\\\/#website\"},\"datePublished\":\"2024-06-15T08:10:47+00:00\",\"breadcrumb\":{\"@id\":\"https:\\\/\\\/shutterbug-journeys.com\\\/fr\\\/conditions-generales-de-vente\\\/#breadcrumb\"},\"inLanguage\":\"fr-FR\",\"potentialAction\":[{\"@type\":\"ReadAction\",\"target\":[\"https:\\\/\\\/shutterbug-journeys.com\\\/fr\\\/conditions-generales-de-vente\\\/\"]}]},{\"@type\":\"BreadcrumbList\",\"@id\":\"https:\\\/\\\/shutterbug-journeys.com\\\/fr\\\/conditions-generales-de-vente\\\/#breadcrumb\",\"itemListElement\":[{\"@type\":\"ListItem\",\"position\":1,\"name\":\"Startseite\",\"item\":\"https:\\\/\\\/shutterbug-journeys.com\\\/fr\\\/shutterbug-journeys-visites-guidees-de-photos-en-allemagne\\\/\"},{\"@type\":\"ListItem\",\"position\":2,\"name\":\"CONDITIONS G\u00c9N\u00c9RALES DE VENTE\"}]},{\"@type\":\"WebSite\",\"@id\":\"https:\\\/\\\/shutterbug-journeys.com\\\/#website\",\"url\":\"https:\\\/\\\/shutterbug-journeys.com\\\/\",\"name\":\"Shutterbug Journeys | Foto-Touren durch Europas sch\u00f6nste St\u00e4dte\",\"description\":\"\",\"publisher\":{\"@id\":\"https:\\\/\\\/shutterbug-journeys.com\\\/#organization\"},\"alternateName\":\"Shutterbug Journeys\",\"potentialAction\":[{\"@type\":\"SearchAction\",\"target\":{\"@type\":\"EntryPoint\",\"urlTemplate\":\"https:\\\/\\\/shutterbug-journeys.com\\\/?s={search_term_string}\"},\"query-input\":{\"@type\":\"PropertyValueSpecification\",\"valueRequired\":true,\"valueName\":\"search_term_string\"}}],\"inLanguage\":\"fr-FR\"},{\"@type\":\"Organization\",\"@id\":\"https:\\\/\\\/shutterbug-journeys.com\\\/#organization\",\"name\":\"Shutterbug Journeys\",\"url\":\"https:\\\/\\\/shutterbug-journeys.com\\\/\",\"logo\":{\"@type\":\"ImageObject\",\"inLanguage\":\"fr-FR\",\"@id\":\"https:\\\/\\\/shutterbug-journeys.com\\\/#\\\/schema\\\/logo\\\/image\\\/\",\"url\":\"https:\\\/\\\/shutterbug-journeys.com\\\/wp-content\\\/uploads\\\/2024\\\/06\\\/Zeichenflaeche-1dunkel.png\",\"contentUrl\":\"https:\\\/\\\/shutterbug-journeys.com\\\/wp-content\\\/uploads\\\/2024\\\/06\\\/Zeichenflaeche-1dunkel.png\",\"width\":548,\"height\":140,\"caption\":\"Shutterbug Journeys\"},\"image\":{\"@id\":\"https:\\\/\\\/shutterbug-journeys.com\\\/#\\\/schema\\\/logo\\\/image\\\/\"}}]}<\/script>\n<!-- \/ Yoast SEO plugin. -->","yoast_head_json":{"title":"CONDITIONS G\u00c9N\u00c9RALES DE VENTE | Shutterbug Journeys | Foto-Touren durch Europas sch\u00f6nste St\u00e4dte","robots":{"index":"index","follow":"follow","max-snippet":"max-snippet:-1","max-image-preview":"max-image-preview:large","max-video-preview":"max-video-preview:-1"},"canonical":"https:\/\/shutterbug-journeys.com\/fr\/conditions-generales-de-vente\/","og_locale":"fr_FR","og_type":"article","og_title":"CONDITIONS G\u00c9N\u00c9RALES DE VENTE | Shutterbug Journeys | Foto-Touren durch Europas sch\u00f6nste St\u00e4dte","og_url":"https:\/\/shutterbug-journeys.com\/fr\/conditions-generales-de-vente\/","og_site_name":"Shutterbug Journeys | Foto-Touren durch Europas sch\u00f6nste St\u00e4dte","og_image":[{"width":1200,"height":675,"url":"https:\/\/shutterbug-journeys.com\/wp-content\/uploads\/2024\/06\/discover.png","type":"image\/png"}],"twitter_card":"summary_large_image","schema":{"@context":"https:\/\/schema.org","@graph":[{"@type":"WebPage","@id":"https:\/\/shutterbug-journeys.com\/fr\/conditions-generales-de-vente\/","url":"https:\/\/shutterbug-journeys.com\/fr\/conditions-generales-de-vente\/","name":"CONDITIONS G\u00c9N\u00c9RALES DE VENTE | Shutterbug Journeys | Foto-Touren durch Europas sch\u00f6nste St\u00e4dte","isPartOf":{"@id":"https:\/\/shutterbug-journeys.com\/#website"},"datePublished":"2024-06-15T08:10:47+00:00","breadcrumb":{"@id":"https:\/\/shutterbug-journeys.com\/fr\/conditions-generales-de-vente\/#breadcrumb"},"inLanguage":"fr-FR","potentialAction":[{"@type":"ReadAction","target":["https:\/\/shutterbug-journeys.com\/fr\/conditions-generales-de-vente\/"]}]},{"@type":"BreadcrumbList","@id":"https:\/\/shutterbug-journeys.com\/fr\/conditions-generales-de-vente\/#breadcrumb","itemListElement":[{"@type":"ListItem","position":1,"name":"Startseite","item":"https:\/\/shutterbug-journeys.com\/fr\/shutterbug-journeys-visites-guidees-de-photos-en-allemagne\/"},{"@type":"ListItem","position":2,"name":"CONDITIONS G\u00c9N\u00c9RALES DE VENTE"}]},{"@type":"WebSite","@id":"https:\/\/shutterbug-journeys.com\/#website","url":"https:\/\/shutterbug-journeys.com\/","name":"Shutterbug Journeys | Foto-Touren durch Europas sch\u00f6nste St\u00e4dte","description":"","publisher":{"@id":"https:\/\/shutterbug-journeys.com\/#organization"},"alternateName":"Shutterbug Journeys","potentialAction":[{"@type":"SearchAction","target":{"@type":"EntryPoint","urlTemplate":"https:\/\/shutterbug-journeys.com\/?s={search_term_string}"},"query-input":{"@type":"PropertyValueSpecification","valueRequired":true,"valueName":"search_term_string"}}],"inLanguage":"fr-FR"},{"@type":"Organization","@id":"https:\/\/shutterbug-journeys.com\/#organization","name":"Shutterbug Journeys","url":"https:\/\/shutterbug-journeys.com\/","logo":{"@type":"ImageObject","inLanguage":"fr-FR","@id":"https:\/\/shutterbug-journeys.com\/#\/schema\/logo\/image\/","url":"https:\/\/shutterbug-journeys.com\/wp-content\/uploads\/2024\/06\/Zeichenflaeche-1dunkel.png","contentUrl":"https:\/\/shutterbug-journeys.com\/wp-content\/uploads\/2024\/06\/Zeichenflaeche-1dunkel.png","width":548,"height":140,"caption":"Shutterbug Journeys"},"image":{"@id":"https:\/\/shutterbug-journeys.com\/#\/schema\/logo\/image\/"}}]}},"_links":{"self":[{"href":"https:\/\/shutterbug-journeys.com\/fr\/wp-json\/wp\/v2\/pages\/3787","targetHints":{"allow":["GET"]}}],"collection":[{"href":"https:\/\/shutterbug-journeys.com\/fr\/wp-json\/wp\/v2\/pages"}],"about":[{"href":"https:\/\/shutterbug-journeys.com\/fr\/wp-json\/wp\/v2\/types\/page"}],"author":[{"embeddable":true,"href":"https:\/\/shutterbug-journeys.com\/fr\/wp-json\/wp\/v2\/users\/1"}],"replies":[{"embeddable":true,"href":"https:\/\/shutterbug-journeys.com\/fr\/wp-json\/wp\/v2\/comments?post=3787"}],"version-history":[{"count":0,"href":"https:\/\/shutterbug-journeys.com\/fr\/wp-json\/wp\/v2\/pages\/3787\/revisions"}],"wp:attachment":[{"href":"https:\/\/shutterbug-journeys.com\/fr\/wp-json\/wp\/v2\/media?parent=3787"}],"curies":[{"name":"wp","href":"https:\/\/api.w.org\/{rel}","templated":true}]}}