{"id":4744,"date":"2024-06-13T20:09:05","date_gmt":"2024-06-13T18:09:05","guid":{"rendered":"https:\/\/shutterbug-journeys.com\/politica-de-privacidad\/"},"modified":"2024-06-16T15:26:39","modified_gmt":"2024-06-16T13:26:39","slug":"politica-de-privacidad","status":"publish","type":"page","link":"https:\/\/shutterbug-journeys.com\/es\/politica-de-privacidad\/","title":{"rendered":"Pol\u00edtica de privacidad"},"content":{"rendered":"<h2 class=\"wp-block-heading\">Qui\u00e9nes somos<\/h2><p><strong class=\"privacy-policy-tutorial\">Texto sugerido: <\/strong>La direcci\u00f3n de nuestro sitio web es: https:\/\/shutterbug-journeys.com.<\/p><h2 class=\"wp-block-heading\">Comentarios<\/h2><p><strong class=\"privacy-policy-tutorial\">Sugerencia de texto: <\/strong>Cuando los visitantes escriben comentarios en el sitio web, recogemos los datos que aparecen en el formulario de comentarios, la direcci\u00f3n IP del visitante y la cadena de agente de usuario (que identifica el navegador) para ayudar a reconocer el spam.<\/p><p>Se puede crear una cadena de caracteres anonimizada (tambi\u00e9n conocida como hash) a partir de tu direcci\u00f3n de correo electr\u00f3nico y pasarla al servicio Gravatar para comprobar si la est\u00e1s utilizando. Puedes encontrar la pol\u00edtica de privacidad del servicio Gravatar aqu\u00ed: https:\/\/automattic.com\/privacy\/. Una vez aprobado tu comentario, tu foto de perfil ser\u00e1 visible p\u00fablicamente en el contexto de tu comentario.<\/p><h2 class=\"wp-block-heading\">Medios de comunicaci\u00f3n<\/h2><p><strong class=\"privacy-policy-tutorial\">Texto sugerido: <\/strong>Si eres un usuario registrado y subes fotos a este sitio web, debes evitar subir fotos con una ubicaci\u00f3n EXIF GPS. Los visitantes de este sitio web pueden descargar fotos almacenadas en este sitio web y extraer su informaci\u00f3n de localizaci\u00f3n.<\/p><h2 class=\"wp-block-heading\">Cookies<\/h2><p><strong class=\"privacy-policy-tutorial\">Sugerencia de texto: <\/strong>Si escribes un comentario en nuestro sitio web, esto puede ser un consentimiento para guardar tu nombre, direcci\u00f3n de correo electr\u00f3nico y sitio web en cookies. Se trata de una funci\u00f3n pr\u00e1ctica para que no tengas que volver a introducir todos estos datos cuando escribas otro comentario. Estas cookies se almacenan durante un a\u00f1o.<\/p><p>Si tienes una cuenta e inicias sesi\u00f3n en este sitio web, instalaremos una cookie temporal para determinar si tu navegador acepta cookies. Esta cookie no contiene ning\u00fan dato personal y se descarta cuando cierras el navegador.<\/p><p>Cuando te conectes, configuraremos algunas cookies para guardar tu informaci\u00f3n de acceso y opciones de visualizaci\u00f3n. Las cookies de inicio de sesi\u00f3n caducan a los dos d\u00edas y las cookies de las opciones de visualizaci\u00f3n al a\u00f1o. Si seleccionas \u00abPermanecer conectado\u00bb al inscribirte, tu inscripci\u00f3n se mantendr\u00e1 durante quince d\u00edas. Cuando cierras la sesi\u00f3n de tu cuenta, se eliminan las cookies de inicio de sesi\u00f3n.<\/p><p>Cuando editas o publicas un art\u00edculo, se almacena una cookie adicional en tu navegador. Esta cookie no contiene ning\u00fan dato personal y s\u00f3lo se refiere a la ID del post del art\u00edculo que acabas de editar. La cookie caduca al cabo de un d\u00eda.<\/p><h2 class=\"wp-block-heading\">Contenido incrustado de otros sitios web<\/h2><p><strong class=\"privacy-policy-tutorial\">Sugerencia de texto: <\/strong>Las publicaciones de este sitio web pueden contener contenido incrustado (por ejemplo, v\u00eddeos, im\u00e1genes, art\u00edculos, etc.). El contenido incrustado de otros sitios web se comporta exactamente igual que si el visitante hubiera visitado el otro sitio web.<\/p><p>Estos sitios web pueden recopilar datos sobre ti, utilizar cookies, incrustar servicios adicionales de seguimiento de terceros y registrar tu interacci\u00f3n con este contenido incrustado, incluida tu interacci\u00f3n con el contenido incrustado si tienes una cuenta y has iniciado sesi\u00f3n en este sitio web.<\/p><h2 class=\"wp-block-heading\">Con qui\u00e9n compartimos tus datos<\/h2><p><strong class=\"privacy-policy-tutorial\">Texto sugerido: <\/strong>Si solicitas un restablecimiento de contrase\u00f1a, se incluir\u00e1 tu direcci\u00f3n IP en el correo electr\u00f3nico de restablecimiento.<\/p><h2 class=\"wp-block-heading\">Cu\u00e1nto tiempo almacenamos tus datos<\/h2><p><strong class=\"privacy-policy-tutorial\">Sugerencia de texto: <\/strong>Si escribes un comentario, se guardar\u00e1 indefinidamente, incluidos los metadatos. De este modo, podemos reconocer y aprobar autom\u00e1ticamente los comentarios de seguimiento en lugar de retenerlos en una cola de moderaci\u00f3n.<\/p><p>Para los usuarios que se registran en nuestro sitio web, tambi\u00e9n almacenamos la informaci\u00f3n personal que proporcionan en sus perfiles de usuario. Todos los usuarios pueden ver, modificar o eliminar su informaci\u00f3n personal en cualquier momento (el nombre de usuario no puede modificarse). Los administradores del sitio web tambi\u00e9n pueden ver y modificar esta informaci\u00f3n.<\/p><h2 class=\"wp-block-heading\">Qu\u00e9 derechos tienes sobre tus datos<\/h2><p><strong class=\"privacy-policy-tutorial\">Texto sugerido: <\/strong>Si tienes una cuenta en este sitio web o has escrito comentarios, puedes solicitarnos una exportaci\u00f3n de tus datos personales, incluidos los que nos hayas facilitado. Adem\u00e1s, puedes solicitar la eliminaci\u00f3n de todos los datos personales que hayamos almacenado sobre ti. Esto no incluye los datos que estamos obligados a conservar por motivos administrativos, legales o de seguridad.<\/p><h2 class=\"wp-block-heading\">D\u00f3nde se env\u00edan tus datos<\/h2><p><strong class=\"privacy-policy-tutorial\">Sugerencia de texto: <\/strong>Los comentarios de los visitantes podr\u00edan ser analizados por un servicio automatizado de detecci\u00f3n de spam.<\/p>","protected":false},"excerpt":{"rendered":"<p>Qui\u00e9nes somos Texto sugerido: La direcci\u00f3n de nuestro sitio web  [&#8230;]<\/p>\n","protected":false},"author":1,"featured_media":0,"parent":0,"menu_order":0,"comment_status":"closed","ping_status":"closed","template":"","meta":{"footnotes":""},"class_list":["post-4744","page","type-page","status-publish","hentry"],"yoast_head":"<!-- This site is optimized with the Yoast SEO plugin v27.4 - https:\/\/yoast.com\/product\/yoast-seo-wordpress\/ -->\n<title>Pol\u00edtica de privacidad | Shutterbug Journeys | Foto-Touren durch Europas sch\u00f6nste St\u00e4dte<\/title>\n<meta name=\"robots\" content=\"index, follow, max-snippet:-1, max-image-preview:large, max-video-preview:-1\" \/>\n<link rel=\"canonical\" href=\"https:\/\/shutterbug-journeys.com\/es\/politica-de-privacidad\/\" \/>\n<meta property=\"og:locale\" content=\"es_ES\" \/>\n<meta property=\"og:type\" content=\"article\" \/>\n<meta property=\"og:title\" content=\"Pol\u00edtica de privacidad | Shutterbug Journeys | Foto-Touren durch Europas sch\u00f6nste St\u00e4dte\" \/>\n<meta property=\"og:description\" content=\"Qui\u00e9nes somos Texto sugerido: La direcci\u00f3n de nuestro sitio web [...]\" \/>\n<meta property=\"og:url\" content=\"https:\/\/shutterbug-journeys.com\/es\/politica-de-privacidad\/\" \/>\n<meta property=\"og:site_name\" content=\"Shutterbug Journeys | Foto-Touren durch Europas sch\u00f6nste St\u00e4dte\" \/>\n<meta property=\"article:modified_time\" content=\"2024-06-16T13:26:39+00:00\" \/>\n<meta property=\"og:image\" content=\"https:\/\/shutterbug-journeys.com\/wp-content\/uploads\/2024\/06\/discover.png\" \/>\n\t<meta property=\"og:image:width\" content=\"1200\" \/>\n\t<meta property=\"og:image:height\" content=\"675\" \/>\n\t<meta property=\"og:image:type\" content=\"image\/png\" \/>\n<meta name=\"twitter:card\" content=\"summary_large_image\" \/>\n<meta name=\"twitter:label1\" content=\"Tiempo de lectura\" \/>\n\t<meta name=\"twitter:data1\" content=\"4 minutos\" \/>\n<script type=\"application\/ld+json\" class=\"yoast-schema-graph\">{\"@context\":\"https:\\\/\\\/schema.org\",\"@graph\":[{\"@type\":\"WebPage\",\"@id\":\"https:\\\/\\\/shutterbug-journeys.com\\\/es\\\/politica-de-privacidad\\\/\",\"url\":\"https:\\\/\\\/shutterbug-journeys.com\\\/es\\\/politica-de-privacidad\\\/\",\"name\":\"Pol\u00edtica de privacidad | Shutterbug Journeys | Foto-Touren durch Europas sch\u00f6nste St\u00e4dte\",\"isPartOf\":{\"@id\":\"https:\\\/\\\/shutterbug-journeys.com\\\/#website\"},\"datePublished\":\"2024-06-13T18:09:05+00:00\",\"dateModified\":\"2024-06-16T13:26:39+00:00\",\"breadcrumb\":{\"@id\":\"https:\\\/\\\/shutterbug-journeys.com\\\/es\\\/politica-de-privacidad\\\/#breadcrumb\"},\"inLanguage\":\"es\",\"potentialAction\":[{\"@type\":\"ReadAction\",\"target\":[\"https:\\\/\\\/shutterbug-journeys.com\\\/es\\\/politica-de-privacidad\\\/\"]}]},{\"@type\":\"BreadcrumbList\",\"@id\":\"https:\\\/\\\/shutterbug-journeys.com\\\/es\\\/politica-de-privacidad\\\/#breadcrumb\",\"itemListElement\":[{\"@type\":\"ListItem\",\"position\":1,\"name\":\"Startseite\",\"item\":\"https:\\\/\\\/shutterbug-journeys.com\\\/es\\\/shutterbug-journeys-recorridos-fotograficos-guiados-por-alemania\\\/\"},{\"@type\":\"ListItem\",\"position\":2,\"name\":\"Pol\u00edtica de privacidad\"}]},{\"@type\":\"WebSite\",\"@id\":\"https:\\\/\\\/shutterbug-journeys.com\\\/#website\",\"url\":\"https:\\\/\\\/shutterbug-journeys.com\\\/\",\"name\":\"Shutterbug Journeys | Foto-Touren durch Europas sch\u00f6nste St\u00e4dte\",\"description\":\"\",\"publisher\":{\"@id\":\"https:\\\/\\\/shutterbug-journeys.com\\\/#organization\"},\"alternateName\":\"Shutterbug Journeys\",\"potentialAction\":[{\"@type\":\"SearchAction\",\"target\":{\"@type\":\"EntryPoint\",\"urlTemplate\":\"https:\\\/\\\/shutterbug-journeys.com\\\/?s={search_term_string}\"},\"query-input\":{\"@type\":\"PropertyValueSpecification\",\"valueRequired\":true,\"valueName\":\"search_term_string\"}}],\"inLanguage\":\"es\"},{\"@type\":\"Organization\",\"@id\":\"https:\\\/\\\/shutterbug-journeys.com\\\/#organization\",\"name\":\"Shutterbug Journeys\",\"url\":\"https:\\\/\\\/shutterbug-journeys.com\\\/\",\"logo\":{\"@type\":\"ImageObject\",\"inLanguage\":\"es\",\"@id\":\"https:\\\/\\\/shutterbug-journeys.com\\\/#\\\/schema\\\/logo\\\/image\\\/\",\"url\":\"https:\\\/\\\/shutterbug-journeys.com\\\/wp-content\\\/uploads\\\/2024\\\/06\\\/Zeichenflaeche-1dunkel.png\",\"contentUrl\":\"https:\\\/\\\/shutterbug-journeys.com\\\/wp-content\\\/uploads\\\/2024\\\/06\\\/Zeichenflaeche-1dunkel.png\",\"width\":548,\"height\":140,\"caption\":\"Shutterbug Journeys\"},\"image\":{\"@id\":\"https:\\\/\\\/shutterbug-journeys.com\\\/#\\\/schema\\\/logo\\\/image\\\/\"}}]}<\/script>\n<!-- \/ Yoast SEO plugin. -->","yoast_head_json":{"title":"Pol\u00edtica de privacidad | Shutterbug Journeys | Foto-Touren durch Europas sch\u00f6nste St\u00e4dte","robots":{"index":"index","follow":"follow","max-snippet":"max-snippet:-1","max-image-preview":"max-image-preview:large","max-video-preview":"max-video-preview:-1"},"canonical":"https:\/\/shutterbug-journeys.com\/es\/politica-de-privacidad\/","og_locale":"es_ES","og_type":"article","og_title":"Pol\u00edtica de privacidad | Shutterbug Journeys | Foto-Touren durch Europas sch\u00f6nste St\u00e4dte","og_description":"Qui\u00e9nes somos Texto sugerido: La direcci\u00f3n de nuestro sitio web [...]","og_url":"https:\/\/shutterbug-journeys.com\/es\/politica-de-privacidad\/","og_site_name":"Shutterbug Journeys | Foto-Touren durch Europas sch\u00f6nste St\u00e4dte","article_modified_time":"2024-06-16T13:26:39+00:00","og_image":[{"width":1200,"height":675,"url":"https:\/\/shutterbug-journeys.com\/wp-content\/uploads\/2024\/06\/discover.png","type":"image\/png"}],"twitter_card":"summary_large_image","twitter_misc":{"Tiempo de lectura":"4 minutos"},"schema":{"@context":"https:\/\/schema.org","@graph":[{"@type":"WebPage","@id":"https:\/\/shutterbug-journeys.com\/es\/politica-de-privacidad\/","url":"https:\/\/shutterbug-journeys.com\/es\/politica-de-privacidad\/","name":"Pol\u00edtica de privacidad | Shutterbug Journeys | Foto-Touren durch Europas sch\u00f6nste St\u00e4dte","isPartOf":{"@id":"https:\/\/shutterbug-journeys.com\/#website"},"datePublished":"2024-06-13T18:09:05+00:00","dateModified":"2024-06-16T13:26:39+00:00","breadcrumb":{"@id":"https:\/\/shutterbug-journeys.com\/es\/politica-de-privacidad\/#breadcrumb"},"inLanguage":"es","potentialAction":[{"@type":"ReadAction","target":["https:\/\/shutterbug-journeys.com\/es\/politica-de-privacidad\/"]}]},{"@type":"BreadcrumbList","@id":"https:\/\/shutterbug-journeys.com\/es\/politica-de-privacidad\/#breadcrumb","itemListElement":[{"@type":"ListItem","position":1,"name":"Startseite","item":"https:\/\/shutterbug-journeys.com\/es\/shutterbug-journeys-recorridos-fotograficos-guiados-por-alemania\/"},{"@type":"ListItem","position":2,"name":"Pol\u00edtica de privacidad"}]},{"@type":"WebSite","@id":"https:\/\/shutterbug-journeys.com\/#website","url":"https:\/\/shutterbug-journeys.com\/","name":"Shutterbug Journeys | Foto-Touren durch Europas sch\u00f6nste St\u00e4dte","description":"","publisher":{"@id":"https:\/\/shutterbug-journeys.com\/#organization"},"alternateName":"Shutterbug Journeys","potentialAction":[{"@type":"SearchAction","target":{"@type":"EntryPoint","urlTemplate":"https:\/\/shutterbug-journeys.com\/?s={search_term_string}"},"query-input":{"@type":"PropertyValueSpecification","valueRequired":true,"valueName":"search_term_string"}}],"inLanguage":"es"},{"@type":"Organization","@id":"https:\/\/shutterbug-journeys.com\/#organization","name":"Shutterbug Journeys","url":"https:\/\/shutterbug-journeys.com\/","logo":{"@type":"ImageObject","inLanguage":"es","@id":"https:\/\/shutterbug-journeys.com\/#\/schema\/logo\/image\/","url":"https:\/\/shutterbug-journeys.com\/wp-content\/uploads\/2024\/06\/Zeichenflaeche-1dunkel.png","contentUrl":"https:\/\/shutterbug-journeys.com\/wp-content\/uploads\/2024\/06\/Zeichenflaeche-1dunkel.png","width":548,"height":140,"caption":"Shutterbug Journeys"},"image":{"@id":"https:\/\/shutterbug-journeys.com\/#\/schema\/logo\/image\/"}}]}},"_links":{"self":[{"href":"https:\/\/shutterbug-journeys.com\/es\/wp-json\/wp\/v2\/pages\/4744","targetHints":{"allow":["GET"]}}],"collection":[{"href":"https:\/\/shutterbug-journeys.com\/es\/wp-json\/wp\/v2\/pages"}],"about":[{"href":"https:\/\/shutterbug-journeys.com\/es\/wp-json\/wp\/v2\/types\/page"}],"author":[{"embeddable":true,"href":"https:\/\/shutterbug-journeys.com\/es\/wp-json\/wp\/v2\/users\/1"}],"replies":[{"embeddable":true,"href":"https:\/\/shutterbug-journeys.com\/es\/wp-json\/wp\/v2\/comments?post=4744"}],"version-history":[{"count":1,"href":"https:\/\/shutterbug-journeys.com\/es\/wp-json\/wp\/v2\/pages\/4744\/revisions"}],"predecessor-version":[{"id":4753,"href":"https:\/\/shutterbug-journeys.com\/es\/wp-json\/wp\/v2\/pages\/4744\/revisions\/4753"}],"wp:attachment":[{"href":"https:\/\/shutterbug-journeys.com\/es\/wp-json\/wp\/v2\/media?parent=4744"}],"curies":[{"name":"wp","href":"https:\/\/api.w.org\/{rel}","templated":true}]}}